{"id":66,"date":"2020-04-09T11:52:24","date_gmt":"2020-04-09T11:52:24","guid":{"rendered":"http:\/\/automotiveqms.com\/?page_id=66"},"modified":"2020-04-24T07:21:40","modified_gmt":"2020-04-24T07:21:40","slug":"cookies","status":"publish","type":"page","link":"https:\/\/automotiveqms.com\/es\/cookies\/","title":{"rendered":"Cookies"},"content":{"rendered":"\n<p><strong>1. \u00bfQu\u00e9 son las\nCookies?<\/strong><\/p>\n\n\n\n<p>Las Cookies son ficheros enviados a un navegador por medio\nde un servidor web para registrar las actividades del Usuario en una web\ndeterminada. La primera finalidad de las Cookies es la de facilitar al usuario\nun acceso m\u00e1s r\u00e1pido a los servicios seleccionados. Adem\u00e1s, las Cookies\npersonalizan los servicios que ofrece la Web, facilitando y ofreciendo a cada\nusuario informaci\u00f3n que es de su inter\u00e9s o que puede ser de su inter\u00e9s, en\natenci\u00f3n al uso que realiza de los Servicios.<\/p>\n\n\n\n<p>La Web utiliza Cookies para personalizar y facilitar al\nm\u00e1ximo la navegaci\u00f3n del usuario. Las Cookies se asocian \u00fanicamente a un\nusuario an\u00f3nimo y su ordenador y no proporcionan referencias que permitan\ndeducir datos personales del usuario. El usuario podr\u00e1 configurar su navegador\npara que notifique y rechace la instalaci\u00f3n las Cookies enviadas por la Web,\nsin que ello perjudique la posibilidad del usuario de acceder a los contenidos\nde dicha web. Sin embargo, le hacemos notar que, en todo caso, la calidad de\nfuncionamiento de la p\u00e1gina Web puede disminuir.<\/p>\n\n\n\n<p>Los usuarios registrados, que se registren o que hayan\niniciado sesi\u00f3n, podr\u00e1n beneficiarse de unos servicios m\u00e1s personalizados y\norientados a su perfil, gracias a la combinaci\u00f3n de los datos almacenados en\nlas cookies con los datos personales utilizados en el momento de su registro.\nDichos usuarios autorizan expresamente el uso de esta informaci\u00f3n con la\nfinalidad indicada, sin perjuicio de su derecho a rechazar o deshabilitar el\nuso de cookies.<\/p>\n\n\n\n<p>Asimismo, la Web podr\u00e1 saber todos los servicios solicitados\npor los usuarios, de forma que podr\u00e1n facilitar u ofrecer informaci\u00f3n adecuada\na los gustos y preferencias de cada usuario.<\/p>\n\n\n\n<p><strong>2. \u00bfQu\u00e9 tipo de\nCookies existen?<\/strong><\/p>\n\n\n\n<p>Las Cookies, en funci\u00f3n de su Permanencia, pueden dividirse\nen: <\/p>\n\n\n\n<p>\u2022 \u201cCookies de sesi\u00f3n\u201d: Las primeras expiran cuando el\nusuario cierra el navegador. <\/p>\n\n\n\n<p>\u2022 \u201cCookies persistentes\u201d. Las segundas expiran en funci\u00f3n de\ncuando se cumpla el objetivo para el que sirven (por ejemplo, para que el\nusuario se mantenga identificado en los Servicios) o bien cuando se borran\nmanualmente.<\/p>\n\n\n\n<p>Adicionalmente, en funci\u00f3n de su Objetivo, las Cookies\npueden clasificarse de la siguiente forma: <\/p>\n\n\n\n<p>\u2022 Cookies de rendimiento: Este tipo de Cookie recuerda sus\npreferencias para las herramientas que se encuentran en los servicios, por lo\nque no tiene que volver a configurar el servicio cada vez que usted visita. <\/p>\n\n\n\n<p>\u2022 Cookies de geo-localizaci\u00f3n: Estas Cookies son utilizadas\npara averiguar en qu\u00e9 pa\u00eds se encuentra cuando se solicita un servicio. Esta\nCookie es totalmente an\u00f3nima, y s\u00f3lo se utiliza para ayudar a orientar el\ncontenido a su ubicaci\u00f3n. <\/p>\n\n\n\n<p>\u2022 Cookies de registro: Las Cookies de registro se generan\nuna vez que el usuario se ha registrado o posteriormente ha abierto su sesi\u00f3n,\ny se utilizan para identificarle en los servicios con los siguientes objetivos:<\/p>\n\n\n\n<p>o Mantener al usuario\nidentificado de forma que, si cierra un servicio, el navegador o el ordenador y\nen otro momento u otro d\u00eda vuelve a entrar en dicho servicio, seguir\u00e1 identificado,\nfacilitando as\u00ed su navegaci\u00f3n sin tener que volver a identificarse. Esta\nfuncionalidad se puede suprimir si el usuario pulsa la funcionalidad \u201ccerrar\nsesi\u00f3n\u201d, de forma que&nbsp; esta Cookie se\nelimina y la pr\u00f3xima vez que entre en el servicio el usuario tendr\u00e1 que iniciar\nsesi\u00f3n para estar identificado. <\/p>\n\n\n\n<p>O Comprobar si el usuario est\u00e1\nautorizado para acceder a ciertos servicios, por ejemplo, para participar en un\nconcurso. <\/p>\n\n\n\n<p>\u2022 Cookies anal\u00edticas: Cada vez que un Usuario visita un\nservicio, una herramienta de un proveedor externo genera una Cookie anal\u00edtica\nen el ordenador del usuario. Esta Cookie que s\u00f3lo se genera en la visita,\nservir\u00e1 en pr\u00f3ximas visitas a los Servicios de la Web para identificar de forma\nan\u00f3nima al visitante. Los objetivos principales que se persiguen son: <\/p>\n\n\n\n<p>O Permitir la identificaci\u00f3n\nan\u00f3nima de los usuarios navegantes a trav\u00e9s de la \u201cCookie\u201d (identifica\nnavegadores y dispositivos, no personas) y por lo tanto la contabilizaci\u00f3n\naproximada del n\u00famero de visitantes y su tendencia en el tiempo.<\/p>\n\n\n\n<p>O Identificar de forma an\u00f3nima\nlos contenidos m\u00e1s visitados y por lo tanto m\u00e1s atractivos para los usuarios. <\/p>\n\n\n\n<p>O Saber si el usuario que est\u00e1\naccediendo es nuevo o repite visita.<\/p>\n\n\n\n<p>O Importante: Salvo que el\nusuario decida registrarse en un servicio de la Web, la \u201cCookie\u201d nunca ir\u00e1\nasociada a ning\u00fan dato de car\u00e1cter personal que pueda identificarle. Dichas\nCookies s\u00f3lo ser\u00e1n utilizadas con prop\u00f3sitos estad\u00edsticos que ayuden a la\noptimizaci\u00f3n de la experiencia de los Usuarios en el sitio. <\/p>\n\n\n\n<p>\u2022 Cookies de publicidad comportamental: Este tipo de\n\u201cCookies\u201d permite ampliar la informaci\u00f3n de los anuncios mostrados a cada\nusuario an\u00f3nimo en los Servicios de la Web. Entre otros, se almacena la\nduraci\u00f3n o frecuencia de visualizaci\u00f3n de posiciones publicitarias, la interacci\u00f3n\ncon las mismas, o los patrones de navegaci\u00f3n y\/o compartimientos del usuario ya\nque ayudan a conformar un perfil de inter\u00e9s publicitario. De este modo,\npermiten ofrecer publicidad af\u00edn a los intereses del usuario. <\/p>\n\n\n\n<p>\u2022 Cookies publicitarias de terceros: Adem\u00e1s de la publicidad\ngestionada por la Web en sus Servicios, la Web ofrece a sus anunciantes la\nopci\u00f3n de servir anuncios a trav\u00e9s de terceros (\u201cAdServers\u201d). De este modo,\nestos terceros pueden almacenar Cookies enviadas desde los Servicios de la Web\nprocedentes de los navegadores de los Usuarios, as\u00ed como acceder a los datos\nque en ellas se guardan.<\/p>\n\n\n\n<p><strong>3. \u00bfQu\u00e9 Cookies\nutilizamos?<\/strong><\/p>\n\n\n\n<p>Las cookies que utilizamos en nuestra p\u00e1gina web son: <\/p>\n\n\n\n<p>&#8211;&nbsp; Propias: Son\naqu\u00e9llas que se env\u00edan al equipo terminal del usuario desde un equipo o dominio\ngestionado por el propio editor y desde el que se presta el servicio solicitado\npor el usuario. <\/p>\n\n\n\n<p>&#8211;&nbsp; De terceros: Son\naqu\u00e9llas que se env\u00edan al equipo terminal del usuario desde un equipo o dominio\nque no es gestionado por el editor, sino por otra entidad que trata los datos\nobtenidos trav\u00e9s de las cookies.<\/p>\n\n\n\n<p>\u2022 Cookies de redes sociales: la web utiliza cookies de\nFacebook, Twitter, Linkedin y Google Plus para que el usuario pueda compartir\ncontenidos de la Web en las citadas redes sociales, o bien para facilitar el\nregistro en la Web, de forma que con los datos de los usuarios han facilitado\nlas redes sociales puedan cumplimentar directamente los campos del formulario\nde registro en la Web.<\/p>\n\n\n\n<p>\u2022 Cookies de seguimiento: la web utiliza cookies de\nseguimiento de Facebook para realizar mediciones de conversiones realizadas a\ntrav\u00e9s de esta red social. Estas cookies se utilizan para hacer un seguimiento\nde clientes que son usuarios de esas redes sociales a los efectos del an\u00e1lisis\nde datos de estudios de mercado. Tambi\u00e9n se utilizan para mostrarle productos o\nservicios en los que se ha mostrado interesado.\nhttps:\/\/www.facebook.com\/policies\/cookies\/<\/p>\n\n\n\n<p>\u2022 Cookies para la medici\u00f3n del tr\u00e1fico en los Portales: la\nweb utiliza cookies de Google Analitycs para recopilar datos estad\u00edsticos de la\nactividad de los usuarios en el sitio Web y, de este modo, poder mejorar los\nservicios prestados a los usuarios. Estas cookies permiten analizar el tr\u00e1fico\nde usuarios generando un ID de usuario an\u00f3nimo que se utiliza para medir\ncu\u00e1ntas veces visita el Sitio un usuario. Asimismo, registra cu\u00e1ndo fue la\nprimera y \u00faltima vez que visit\u00f3 la Web, cu\u00e1ndo se ha terminado una sesi\u00f3n y el\norigen del usuario. https:\/\/support.google.com\/analytics\/answer\/6004245?hl=es<\/p>\n\n\n\n<p>\u2022 Cookies publicitarias: la web utiliza cookies almacenadas por terceras empresas que gestionan los espacios que sirven publicidad. Estas cookies permiten medir la efectividad de nuestras campa\u00f1as online, proporcionar informaci\u00f3n de tu inter\u00e9s y ofrecerte contenidos publicitarios de tu preferencia. https:\/\/support.google.com\/adsense\/answer\/2839090?hl=es<\/p>\n\n\n\n<p><strong>4. \u00bfC\u00f3mo deshabilitar\nlas Cookies? <\/strong><\/p>\n\n\n\n<p>Normalmente es posible dejar de aceptar las Cookies del\nnavegador, o dejar de aceptar las Cookies de un Servicio en particular. <\/p>\n\n\n\n<p>Todos los navegadores modernos permiten cambiar la\nconfiguraci\u00f3n de Cookies. Estos ajustes normalmente se encuentran en las\n\u00a8opciones\u00a8 o \u00a8preferencias\u00a8 del men\u00fa de su navegador. Asimismo, puede\nconfigurar su navegador o su gestor de correo electr\u00f3nico, as\u00ed como instalar\ncomplementos gratuitos para evitar que se descarguen los Web Bugs al abrir un\nemail. <\/p>\n\n\n\n<p>La Web ofrece orientaci\u00f3n al Usuario sobre los pasos\npara&nbsp; acceder al men\u00fa de configuraci\u00f3n de\nlas cookies y, en su caso, de la navegaci\u00f3n privada en cada uno de los\nnavegadores principales:<\/p>\n\n\n\n<p>\u2022 Internet Explorer: Herramientas &#8211; &gt; Opciones de\nInternet &#8211; &gt; Privacidad &#8211; &gt;&nbsp;\nConfiguraci\u00f3n. Para m\u00e1s informaci\u00f3n, puede consultar el soporte de\nMicrosoft o la Ayuda del navegador.<\/p>\n\n\n\n<p>\u2022 Firefox: Herramientas &#8211; &gt; Opciones &#8211; &gt; Privacidad &#8211;\n&gt; Historial &#8211; &gt; Configuraci\u00f3n personalizada.<\/p>\n\n\n\n<p>\u2022 Chrome: Configuraci\u00f3n &#8211; &gt; Mostrar opciones avanzadas &#8211;\n&gt; Privacidad &#8211; &gt; Configuraci\u00f3n de contenido.<\/p>\n\n\n\n<p>\u2022 Safari: Preferencias &#8211; &gt; Seguridad. Para m\u00e1s\ninformaci\u00f3n, puede consultar el soporte de Apple o la Ayuda del navegador. <\/p>\n\n\n\n<p><strong>5. Modificaci\u00f3n de la\nPol\u00edtica de Cookies<\/strong><\/p>\n\n\n\n<p>La Web puede modificar esta Pol\u00edtica de Cookies en funci\u00f3n\nde las exigencias legislativas, reglamentarias, o con la finalidad de adaptar\ndicha pol\u00edtica a las instrucciones dictadas por la Agencia Espa\u00f1ola de\nProtecci\u00f3n de Datos, por ello se aconseja a los usuarios que la visiten\nperi\u00f3dicamente. <\/p>\n\n\n\n<p>Cuando se produzcan cambios significativos en esta Pol\u00edtica\nde Cookies se comunicar\u00e1 al usuario (bien mediante un aviso informativo en la\np\u00e1gina web del editor bien a trav\u00e9s de correo electr\u00f3nico para los usuarios\nregistrados).<\/p>\n","protected":false},"excerpt":{"rendered":"<p>1. \u00bfQu\u00e9 son las Cookies? Las Cookies son ficheros enviados a un navegador por medio de un servidor web para registrar las actividades del Usuario en una web determinada. La primera finalidad de las Cookies es la de facilitar al usuario un acceso m\u00e1s r\u00e1pido a los servicios seleccionados. Adem\u00e1s, las Cookies personalizan los servicios &hellip; <\/p>\n<p class=\"link-more\"><a href=\"https:\/\/automotiveqms.com\/es\/cookies\/\" class=\"more-link\">Continuar leyendo<span class=\"screen-reader-text\"> \u00abCookies\u00bb<\/span><\/a><\/p>\n","protected":false},"author":1,"featured_media":0,"parent":0,"menu_order":0,"comment_status":"closed","ping_status":"closed","template":"","meta":{"footnotes":""},"class_list":["post-66","page","type-page","status-publish","hentry"],"yoast_head":"<!-- This site is optimized with the Yoast SEO plugin v26.6 - https:\/\/yoast.com\/wordpress\/plugins\/seo\/ -->\n<title>Cookies - Automotive QMS<\/title>\n<meta name=\"robots\" content=\"index, follow, max-snippet:-1, max-image-preview:large, max-video-preview:-1\" \/>\n<link rel=\"canonical\" href=\"https:\/\/automotiveqms.com\/es\/cookies\/\" \/>\n<meta property=\"og:locale\" content=\"es_ES\" \/>\n<meta property=\"og:type\" content=\"article\" \/>\n<meta property=\"og:title\" content=\"Cookies - Automotive QMS\" \/>\n<meta property=\"og:description\" content=\"1. \u00bfQu\u00e9 son las Cookies? Las Cookies son ficheros enviados a un navegador por medio de un servidor web para registrar las actividades del Usuario en una web determinada. La primera finalidad de las Cookies es la de facilitar al usuario un acceso m\u00e1s r\u00e1pido a los servicios seleccionados. Adem\u00e1s, las Cookies personalizan los servicios &hellip; Continuar leyendo &quot;Cookies&quot;\" \/>\n<meta property=\"og:url\" content=\"https:\/\/automotiveqms.com\/es\/cookies\/\" \/>\n<meta property=\"og:site_name\" content=\"Automotive QMS\" \/>\n<meta property=\"article:modified_time\" content=\"2020-04-24T07:21:40+00:00\" \/>\n<meta name=\"twitter:card\" content=\"summary_large_image\" \/>\n<meta name=\"twitter:label1\" content=\"Tiempo de lectura\" \/>\n\t<meta name=\"twitter:data1\" content=\"8 minutos\" \/>\n<script type=\"application\/ld+json\" class=\"yoast-schema-graph\">{\"@context\":\"https:\/\/schema.org\",\"@graph\":[{\"@type\":\"WebPage\",\"@id\":\"https:\/\/automotiveqms.com\/es\/cookies\/\",\"url\":\"https:\/\/automotiveqms.com\/es\/cookies\/\",\"name\":\"Cookies - Automotive QMS\",\"isPartOf\":{\"@id\":\"https:\/\/automotiveqms.com\/es\/#website\"},\"datePublished\":\"2020-04-09T11:52:24+00:00\",\"dateModified\":\"2020-04-24T07:21:40+00:00\",\"breadcrumb\":{\"@id\":\"https:\/\/automotiveqms.com\/es\/cookies\/#breadcrumb\"},\"inLanguage\":\"es\",\"potentialAction\":[{\"@type\":\"ReadAction\",\"target\":[\"https:\/\/automotiveqms.com\/es\/cookies\/\"]}]},{\"@type\":\"BreadcrumbList\",\"@id\":\"https:\/\/automotiveqms.com\/es\/cookies\/#breadcrumb\",\"itemListElement\":[{\"@type\":\"ListItem\",\"position\":1,\"name\":\"Portada\",\"item\":\"https:\/\/automotiveqms.com\/es\/\"},{\"@type\":\"ListItem\",\"position\":2,\"name\":\"Cookies\"}]},{\"@type\":\"WebSite\",\"@id\":\"https:\/\/automotiveqms.com\/es\/#website\",\"url\":\"https:\/\/automotiveqms.com\/es\/\",\"name\":\"Automotive QMS\",\"description\":\"\",\"potentialAction\":[{\"@type\":\"SearchAction\",\"target\":{\"@type\":\"EntryPoint\",\"urlTemplate\":\"https:\/\/automotiveqms.com\/es\/?s={search_term_string}\"},\"query-input\":{\"@type\":\"PropertyValueSpecification\",\"valueRequired\":true,\"valueName\":\"search_term_string\"}}],\"inLanguage\":\"es\"}]}<\/script>\n<!-- \/ Yoast SEO plugin. -->","yoast_head_json":{"title":"Cookies - Automotive QMS","robots":{"index":"index","follow":"follow","max-snippet":"max-snippet:-1","max-image-preview":"max-image-preview:large","max-video-preview":"max-video-preview:-1"},"canonical":"https:\/\/automotiveqms.com\/es\/cookies\/","og_locale":"es_ES","og_type":"article","og_title":"Cookies - Automotive QMS","og_description":"1. \u00bfQu\u00e9 son las Cookies? Las Cookies son ficheros enviados a un navegador por medio de un servidor web para registrar las actividades del Usuario en una web determinada. La primera finalidad de las Cookies es la de facilitar al usuario un acceso m\u00e1s r\u00e1pido a los servicios seleccionados. Adem\u00e1s, las Cookies personalizan los servicios &hellip; Continuar leyendo \"Cookies\"","og_url":"https:\/\/automotiveqms.com\/es\/cookies\/","og_site_name":"Automotive QMS","article_modified_time":"2020-04-24T07:21:40+00:00","twitter_card":"summary_large_image","twitter_misc":{"Tiempo de lectura":"8 minutos"},"schema":{"@context":"https:\/\/schema.org","@graph":[{"@type":"WebPage","@id":"https:\/\/automotiveqms.com\/es\/cookies\/","url":"https:\/\/automotiveqms.com\/es\/cookies\/","name":"Cookies - Automotive QMS","isPartOf":{"@id":"https:\/\/automotiveqms.com\/es\/#website"},"datePublished":"2020-04-09T11:52:24+00:00","dateModified":"2020-04-24T07:21:40+00:00","breadcrumb":{"@id":"https:\/\/automotiveqms.com\/es\/cookies\/#breadcrumb"},"inLanguage":"es","potentialAction":[{"@type":"ReadAction","target":["https:\/\/automotiveqms.com\/es\/cookies\/"]}]},{"@type":"BreadcrumbList","@id":"https:\/\/automotiveqms.com\/es\/cookies\/#breadcrumb","itemListElement":[{"@type":"ListItem","position":1,"name":"Portada","item":"https:\/\/automotiveqms.com\/es\/"},{"@type":"ListItem","position":2,"name":"Cookies"}]},{"@type":"WebSite","@id":"https:\/\/automotiveqms.com\/es\/#website","url":"https:\/\/automotiveqms.com\/es\/","name":"Automotive QMS","description":"","potentialAction":[{"@type":"SearchAction","target":{"@type":"EntryPoint","urlTemplate":"https:\/\/automotiveqms.com\/es\/?s={search_term_string}"},"query-input":{"@type":"PropertyValueSpecification","valueRequired":true,"valueName":"search_term_string"}}],"inLanguage":"es"}]}},"_links":{"self":[{"href":"https:\/\/automotiveqms.com\/es\/wp-json\/wp\/v2\/pages\/66","targetHints":{"allow":["GET"]}}],"collection":[{"href":"https:\/\/automotiveqms.com\/es\/wp-json\/wp\/v2\/pages"}],"about":[{"href":"https:\/\/automotiveqms.com\/es\/wp-json\/wp\/v2\/types\/page"}],"author":[{"embeddable":true,"href":"https:\/\/automotiveqms.com\/es\/wp-json\/wp\/v2\/users\/1"}],"replies":[{"embeddable":true,"href":"https:\/\/automotiveqms.com\/es\/wp-json\/wp\/v2\/comments?post=66"}],"version-history":[{"count":4,"href":"https:\/\/automotiveqms.com\/es\/wp-json\/wp\/v2\/pages\/66\/revisions"}],"predecessor-version":[{"id":79,"href":"https:\/\/automotiveqms.com\/es\/wp-json\/wp\/v2\/pages\/66\/revisions\/79"}],"wp:attachment":[{"href":"https:\/\/automotiveqms.com\/es\/wp-json\/wp\/v2\/media?parent=66"}],"curies":[{"name":"wp","href":"https:\/\/api.w.org\/{rel}","templated":true}]}}