{"id":64,"date":"2020-04-09T11:52:06","date_gmt":"2020-04-09T11:52:06","guid":{"rendered":"http:\/\/automotiveqms.com\/?page_id=64"},"modified":"2020-04-14T15:43:38","modified_gmt":"2020-04-14T15:43:38","slug":"politica-de-privacidad","status":"publish","type":"page","link":"https:\/\/automotiveqms.com\/es\/politica-de-privacidad\/","title":{"rendered":"Pol\u00edtica de privacidad"},"content":{"rendered":"\n<h1 class=\"wp-block-heading\">POL\u00cdTICA DE PRIVACIDAD<\/h1>\n\n\n\n<p><strong>INTRODUCCI\u00d3N<\/strong><\/p>\n\n\n\n<p>Esta\npol\u00edtica de privacidad (junto con los documentos que se refieren a ella) le\ninforma sobre el uso de sus datos personales recopilados a trav\u00e9s de nuestra\np\u00e1gina web y aplicaciones m\u00f3viles (en adelante \u201cPlataforma\u201d).<\/p>\n\n\n\n<p>La\nPol\u00edtica de Privacidad explica nuestras pr\u00e1cticas de recopilaci\u00f3n de\ninformaci\u00f3n en la Plataforma tales como los tipos de informaci\u00f3n recolectada\nrelacionada con los visitantes a la Plataforma y las formas en que usamos esa\ninformaci\u00f3n. Esta Pol\u00edtica de Privacidad aplica a cualquier visitante que use\nla Plataforma. Esta Pol\u00edtica de Privacidad s\u00f3lo aplica al uso que usted hace de\ncaracter\u00edsticas interactivas o descargas que: (i) poseemos o controlamos; (ii)\nest\u00e1n disponibles a trav\u00e9s de la Plataforma; o (iii) interact\u00faan con la\nPlataforma (incluyendo a trav\u00e9s de medios sociales) y publica esta Pol\u00edtica de\nPrivacidad. Adicionalmente, por favor revise la Pol\u00edtica de Cookies y los\nT\u00e9rminos de Uso que rigen su uso de la Plataforma.<\/p>\n\n\n\n<p><strong>CONTENIDOS\nDE ESTA POL\u00cdTICA DE PRIVACIDAD<\/strong>&nbsp;&nbsp;<\/p>\n\n\n\n<ol class=\"wp-block-list\"><li>\u00bfQu\u00e9 informaci\u00f3n recopila la Plataforma?<\/li><li>\u00bfQu\u00e9 es nuestra Pol\u00edtica de Cookies?<\/li><li>\u00bfC\u00f3mo usamos la informaci\u00f3n recopilada?<\/li><li>\u00bfUsamos su informaci\u00f3n para prop\u00f3sitos de marketing?<\/li><li>\u00bfC\u00f3mo y cu\u00e1ndo divulgamos informaci\u00f3n a terceros?<\/li><li>\u00bfQu\u00e9 sucede con el contenido generado por mi propio\n     usuario?<\/li><li>\u00bfC\u00f3mo cambio mi informaci\u00f3n y preferencias de\n     comunicaci\u00f3n?<\/li><li>\u00bfCu\u00e1les son las t\u00e9cnicas de recopilaci\u00f3n de\n     informaci\u00f3n de terceros?<\/li><li>\u00bfQu\u00e9 sucede con la seguridad, almacenamiento y\n     transferencia internacional?<\/li><li>\u00bfQu\u00e9 sucede con los cambios en la Pol\u00edtica de\n     Privacidad?<\/li><li>\u00bfC\u00f3mo contactar con Usted o Usted con nosotros para\n     informaci\u00f3n o presentar una reclamaci\u00f3n?<\/li><\/ol>\n\n\n\n<p><strong>T\u00c9RMINOS GENERALES<\/strong>&nbsp;<\/p>\n\n\n\n<p><strong>1.\n\u00bfQu\u00e9 informaci\u00f3n recopila la Plataforma?<\/strong><\/p>\n\n\n\n<p>Como\nusuario, podemos recopilar y procesar datos suyos y sobre Usted:&nbsp;<\/p>\n\n\n\n<ul class=\"wp-block-list\"><li>Informaci\u00f3n recopilada como parte de un registro o\n     interacci\u00f3n con la Plataforma, a trav\u00e9s de formularios de recopilaci\u00f3n de\n     datos, o que nos han sido proporcionados en reuniones, correspondencia o\n     de forma telef\u00f3nica. Esto tiene en cuenta informaci\u00f3n incluida en los\n     comentarios que nos indica en la Plataforma. La informaci\u00f3n t\u00edpica que\n     recopilamos incluye su nombre (el cual puede ser un pseud\u00f3nimo o su\n     nombre), posici\u00f3n\/cargo, nombre, g\u00e9nero, fecha de nacimiento, direcci\u00f3n,\n     correo electr\u00f3nico, contrase\u00f1a, n\u00famero de tel\u00e9fono, preferencia de idioma,\n     preferencias y otros detalles relevantes de contacto.<\/li><li>Informaci\u00f3n demogr\u00e1fica tal como informaci\u00f3n sobre\n     la industria, la cual no es le es identificable personalmente. Podemos\n     recopilar esta informaci\u00f3n a trav\u00e9s de varias formas y en varios lugares\n     de la Plataforma.<\/li><li>Informaci\u00f3n recopilada como parte de sus visitas a\n     la Plataforma.<\/li><li>Detalles del uso que hace de productos o servicios\n     usados en conexi\u00f3n con la Plataforma.<\/li><li>Detalles de cualquier correspondencia de e-mail o\n     cualquier interacci\u00f3n en medios sociales que pueda tener con nosotros.<\/li><li>Cookie u otra informaci\u00f3n de seguimiento recopilada.<\/li><\/ul>\n\n\n\n<p><strong>2. \u00bfQu\u00e9 es nuestra Pol\u00edtica de Cookies?<\/strong>&nbsp;<\/p>\n\n\n\n<p>2.1.\nVer apartado espec\u00edfico para nuestra Pol\u00edtica de Cookies.<\/p>\n\n\n\n<p><strong>3.\n\u00bfC\u00f3mo usamos la informaci\u00f3n recopilada?<\/strong><\/p>\n\n\n\n<p>3.1.\nPodemos hacer uso de la informaci\u00f3n que recopilamos sobre Usted:<\/p>\n\n\n\n<p>(a)\nPara mejorar la Plataforma, nuestros productos o servicios, personalizar su\nexperiencia en la Plataforma u ofrecerle contenido espec\u00edfico que sea el m\u00e1s\nrelevante para Usted;<\/p>\n\n\n\n<p>(b)\nPara contactar con Usted en relaci\u00f3n a su uso de la Plataforma y, a nuestra\ndiscreci\u00f3n, cambios en la Plataforma y\/o pol\u00edticas de la Plataforma;<\/p>\n\n\n\n<p>(c)\nPara prop\u00f3sitos de negocio internos;<\/p>\n\n\n\n<p>(d)\nPara prop\u00f3sitos divulgados en el momento en que proporciona su informaci\u00f3n o\ncuando se establezca lo contrario en esta Pol\u00edtica de Privacidad.<\/p>\n\n\n\n<p>(e)\nProporcionarle informaci\u00f3n, productos o servicios o transacciones de proceso\nque haya solicitado o acordado en recibir incluyendo el env\u00edo de newsletters\nelectr\u00f3nicas, o proporcion\u00e1ndole materiales de marketing;<\/p>\n\n\n\n<p>(f)\nPara posibilitarle participar en una variedad de caracter\u00edsticas de la\nPlataforma;<\/p>\n\n\n\n<p>(g)\nPara procesar su registro con la Plataforma, incluyendo la verificaci\u00f3n de que\nsu informaci\u00f3n est\u00e1 activa y es v\u00e1lida;<\/p>\n\n\n\n<p>(h)\nPara identificarle como autor de cualquier comentario que nos env\u00ede a trav\u00e9s de\nla Plataforma;<\/p>\n\n\n\n<p>(i)\nPara asegurar que el contenido de la Plataforma es presentado de la forma m\u00e1s\nefectiva para Usted y para su ordenador o dispositivo m\u00f3vil;<\/p>\n\n\n\n<p>(j)\nPara proporcionarle informaci\u00f3n relacionada con eventos organizados por\nnosotros, donde ha consentido el ser contactado para estas propuestas; y<\/p>\n\n\n\n<p>(k)\nPara proporcionarle un acceso a su cuenta personal.<\/p>\n\n\n\n<p>3.2.\nPara hacer la Plataforma m\u00e1s interesante y productiva para Usted, la\ninformaci\u00f3n que recopilemos de Usted cuando usa la Plataforma o solicita m\u00e1s\nproductos o servicios puede ser usada para nuestros propios prop\u00f3sitos\npublicitarios y de investigaci\u00f3n de mercado.<\/p>\n\n\n\n<p>3.3.\nPodemos compartir informaci\u00f3n no personalmente identificable con terceros,\nincluyendo a trav\u00e9s de aplicaciones de terceros tales como Google Analytics.\nPor favor, haga referencia a la secci\u00f3n 8 m\u00e1s abajo para m\u00e1s informaci\u00f3n sobre\nlas t\u00e9cnicas de recopilaci\u00f3n de informaci\u00f3n por terceros.<\/p>\n\n\n\n<p><strong>4.\n\u00bfUsamos su informaci\u00f3n para prop\u00f3sitos de marketing?<\/strong><\/p>\n\n\n\n<p>4.1.\nPodemos hacer uso de sus datos para contactarle a trav\u00e9s de medios electr\u00f3nicos\n(e-mail) con informaci\u00f3n sobre productos, eventos y servicios que puedan ser de\nsu inter\u00e9s. Le daremos la posibilidad de darse de baja en caso de que no desee\nrecibir esta informaci\u00f3n.<\/p>\n\n\n\n<p>4.2.\nPodemos permitir que terceras parte seleccionadas usen sus datos para\ncontactarle por e-mail con informaci\u00f3n de productos, eventos y servicios que\npueden ser de su inter\u00e9s, dado que nos ha dado su consentimiento para hacerlo.\nSi no desea que nosotros o terceros usen sus datos para estos fines, por favor\nnotif\u00edquenoslo por e-mail o en la forma en que recopilamos sus datos.<\/p>\n\n\n\n<p>4.3.\nPodemos tambi\u00e9n contactarle por tel\u00e9fono o por correo postal, dependiendo de\nsus preferencias.<\/p>\n\n\n\n<p><strong>5.\n\u00bfC\u00f3mo y cu\u00e1ndo divulgamos informaci\u00f3n a terceros?<\/strong><\/p>\n\n\n\n<p>5.1.\nPodemos compartir informaci\u00f3n que hemos obtenido de usted, incluyendo los datos\npersonales, de las siguientes formas:<\/p>\n\n\n\n<p>(a)\nPodemos emplear los servicios a terceros para que nos ayuden en ciertas \u00e1reas,\ntales como marketing por correo electr\u00f3nico, call centers o alojamiento web. En\nalgunos casos, las terceras partes pueden recibir su informaci\u00f3n;<\/p>\n\n\n\n<p>(b)\nPodemos compartir la informaci\u00f3n con nuestra empresa matriz, filiales y\nafiliados por razones internas. Tambi\u00e9n nos reservamos el derecho de divulgar y\ntrasferir toda esta informaci\u00f3n: (i) a propietario subsecuente, co-propietario\nu operador de la Plataforma o base de datos aplicable; o (ii) en conexi\u00f3n con\nuna fusi\u00f3n, consolidaci\u00f3n, reestructuraci\u00f3n, la venta de pr\u00e1cticamente todos\nlos derechos y\/o acciones u otro cambio organizacional, incluyendo, durante el\ncurso de cualquier proceso de debida diligencia; y<\/p>\n\n\n\n<p>(c)\nPodemos divulgar su informaci\u00f3n de la forma m\u00e1s extendida permitida por la ley\naplicable: (i) para satisfacer cualquier ley, regulaci\u00f3n, citaci\u00f3n, solicitudes\ngubernamentales o procesos legales aplicables en caso de que en nuestra opini\u00f3n\nde buena fe esto sea requerido o permitido por la ley; (ii) para proteger y\/o\ndefender nuestros T\u00e9rminos de Uso u otras pol\u00edticas aplicables a la Plataforma,\nincluyendo la investigaci\u00f3n de potenciales violaciones de las mismas; (iii)\npara proteger la seguridad, derechos o propiedad de la Plataforma o cualquier tercera\nparte; y\/o (iv) para detectar, prevenir o por el contrario abordar temas\nfraudulentos, de seguridad y t\u00e9cnicos. Adem\u00e1s, sumado a la forma m\u00e1s extendida\npermitida por la ley aplicable, podemos usar las direcciones IP para\nidentificar a usuarios, y podemos realizarlo en cooperaci\u00f3n con terceros tales\ncomo propietarios de copyright, proveedores de servicios de internet,\nproveedores de servicios Wireless y\/o organismos de seguridad, incluyendo la\ndivulgaci\u00f3n de esta informaci\u00f3n a terceras parte, todo bajo nuestra propia\ndiscreci\u00f3n. Estas divulgaciones pueden ser realizadas sin que Usted sea\nnotificado, de la forma m\u00e1s extendida permitida por la ley aplicable.<\/p>\n\n\n\n<p><strong>6.\n\u00bfQu\u00e9 sucede con el contenido generado por mi propio usuario?<\/strong><\/p>\n\n\n\n<p>La\nPlataforma puede permitirle presentar ideas, escritos, datos, preguntas,\ncomentarios, sugerencias u otro contenido, incluyendo Informaci\u00f3n Personal\n(colectivamente, \u201cContenido de Usuario\u201d) como por ejemplo en un blog. TENGA EN\nCUENTA QUE ESOS MENSAJES P\u00daBLICOS NO SON CONFIDENCIALES. Nosotros u otros\npueden reproducir, publicar, distribuir o de otra manera usar el Contenido de\nUsuario de forma online y offline en cualquier medio o formato (actualmente\nexistente o desarrollado con posterioridad). Otros pueden tener acceso a este\nContenido de Usuario y pueden tener la capacidad de compartirlo con terceros en\nInternet. Por favor piense cautelosamente antes de decidir qu\u00e9 informaci\u00f3n\ncomparte, incluyendo datos personales en conexi\u00f3n con su Contenido de Usuario.\nPor favor tome nota que nosotros no controlamos qui\u00e9n tendr\u00e1 acceso a la\ninformaci\u00f3n que Usted elige hacer p\u00fablica, y que no podemos asegurar que las\npartes que tienen acceso a esta informaci\u00f3n disponible p\u00fablicamente respetar\u00e1n\nsu privacidad o la mantendr\u00e1n segura. Nuestras obligaciones bajo esta Pol\u00edtica\nde Privacidad no aplican a ninguna informaci\u00f3n que divulgue p\u00fablicamente,\ncomparta con otros o de alguna manera cargue en la Plataforma. No nos hacemos\nresponsables de la precisi\u00f3n, uso o uso indebido de cualquier contenido o\ninformaci\u00f3n que divulgue o reciba de terceros a trav\u00e9s de la Plataforma.<\/p>\n\n\n\n<p><strong>7.\n\u00bfC\u00f3mo cambio mi informaci\u00f3n y preferencias de comunicaci\u00f3n?<\/strong><\/p>\n\n\n\n<p>7.1.\nBajo petici\u00f3n, quitaremos su informaci\u00f3n personal de nuestra Plataforma y\/o\nbase de datos. Informamos tambi\u00e9n a los usuarios que bajo petici\u00f3n escrita\npuede acceder y\/o solicitar la correcci\u00f3n de alguna informaci\u00f3n err\u00f3nea que le\nata\u00f1a.<\/p>\n\n\n\n<p>7.2.\nUsted es responsable de mantener la precisi\u00f3n de la informaci\u00f3n que nos env\u00eda,\ncomo por ejemplo la informaci\u00f3n de contacto proporcionada como parte del\nregistro.<\/p>\n\n\n\n<p>7.3.\nPuede cancelar o modificar comunicaciones que ha decidido recibir desde la\nPlataforma siguiendo las instrucciones para darse de baja ubicadas dentro del\ne-mail aplicable.<\/p>\n\n\n\n<p><strong>8.\n\u00bfCu\u00e1les son las t\u00e9cnicas de recopilaci\u00f3n de informaci\u00f3n de tercera parte?<\/strong><\/p>\n\n\n\n<p>Esta\nPol\u00edtica de Privacidad no se aplica a aplicaciones, tecnolog\u00edas o ubicaciones\nque son propiedad y\/o son operadas por otras partes (tales como\ndesarrolladores, anunciantes de tercera parte o servidores de anuncios de\ntercera parte), incluso cuando usan nuestra tecnolog\u00eda para recopilar o\nalmacenar informaci\u00f3n. Esto incluye terceros que incorporan nuestra tecnolog\u00eda\nen sus aplicaciones o anuncios para facilitar el rastreo de la descarga o\nentrega de publicidad. Sin embargo, trabajamos con terceros para asegurar que\nse le proporciona la informaci\u00f3n necesaria y se le da la oportunidad de que\npueda tomar una decisi\u00f3n. Los t\u00e9rminos de uso de tercera parte relevantes as\u00ed\ncomo la pol\u00edtica de privacidad, permisos, avisos y elecciones deben ser\nrevisadas de acuerdo a las pr\u00e1cticas de recopilaci\u00f3n, almacenamiento e\nintercambio.<\/p>\n\n\n\n<p><strong>9.\n\u00bfQu\u00e9 sucede con la seguridad, almacenamiento y transferencia internacional?<\/strong><\/p>\n\n\n\n<p>9.1.\nLa Plataforma y la informaci\u00f3n es almacenada en un servidor de empresa\nespa\u00f1olespecializada es servicios web.<\/p>\n\n\n\n<p>9.2.\nIncorporamos medidas razonables de seguridad para ayudarle a proteger y\nasegurar sus datos personales. Sin embargo, no se garantiza la transmisi\u00f3n de\ndatos por Internet, la transmisi\u00f3n v\u00eda Wireless o el almacenamiento electr\u00f3nico\nde informaci\u00f3n. Tenga en cuenta que no podemos garantizar la seguridad de\ncualquier informaci\u00f3n que nos transmita, y usa la Plataforma y nos proporciona\nsu informaci\u00f3n bajo su propia responsabilidad.<\/p>\n\n\n\n<p>9.3.\nCuando se registra en la Plataforma, puede pedirle que elija una contrase\u00f1a.\nUsted es totalmente responsable de mantener la confidencialidad de su\ncontrase\u00f1a. Usted acepta no usar la cuenta, nombre de usuario, correo\nelectr\u00f3nico o contrase\u00f1a de otro usuario en ning\u00fan momento o divulgar su\ncontrase\u00f1a a un tercero. Usted acepta notificarnos inmediatamente si sospecha\nde alg\u00fan uso no autorizado de su cuenta o acceso con su contrase\u00f1a.<\/p>\n\n\n\n<p>9.4.\nTenga en cuenta que la informaci\u00f3n que recopilamos, incluyendo datos\npersonales, puede ser transferida a, procesada y almacenada fuera de la UE. Las\nleyes de protecci\u00f3n de datos en estas jurisdicciones pueden diferir de aquellas\ndel pa\u00eds en el que Usted est\u00e1 ubicado, y sus datos personales pueden estar\nsujetos a solicitudes de acceso por parte de gobiernos, tribunales u organismos\nde seguridad de estas jurisdicciones. Nosotros tomamos precauciones\ncomercialmente razonables para asegurar que sus datos son tratados de forma\nsegura, incluyendo la inclusi\u00f3n en acuerdos de transferencia de datos\napropiados. Haciendo uso de esta Plataforma o proporcion\u00e1ndonos informaci\u00f3n,\nUsted consiente esta transferencia a estas jurisdicciones as\u00ed como el procesado\ny almacenamiento de su informaci\u00f3n en las mismas.<\/p>\n\n\n\n<p><strong>10.\n\u00bfQu\u00e9 sucede con los cambios en la Pol\u00edtica de Privacidad?<\/strong><\/p>\n\n\n\n<p>Nos\nreservamos el derecho a modificar o a\u00f1adir cambios en esta Pol\u00edtica de\nPrivacidad en cualquier momento sin previa notificaci\u00f3n (\u201cPol\u00edtica de\nPrivacidad Actualizada\u201d). Usted acepta que podamos notificarle la Pol\u00edtica de\nPrivacidad Actualizada mediante su publicaci\u00f3n en la Plataforma de tal forma\nque sea accesible a trav\u00e9s de un enlace en la p\u00e1gina principal de la\nPlataforma, y que el uso que Usted haga de la Plataforma despu\u00e9s de la\npublicaci\u00f3n de la Pol\u00edtica de Privacidad Actualizada (o a fin de incurrir en\notras conductas que podamos especificar de forma razonable) constituye su\nacuerdo a la Pol\u00edtica de Privacidad Actualizada. Por tanto, deber\u00eda de revisar\nla Pol\u00edtica de Privacidad antes de hacer uso de la Plataforma. La Pol\u00edtica de\nPrivacidad Actualizada ser\u00e1 efectiva desde el momento de su publicaci\u00f3n, o en\nuna fecha posterior cuando sea especificado en la Pol\u00edtica de Privacidad\nActualizada, y aplicar\u00e1 al uso que Usted haga de la Plataforma desde ese\nmomento en adelante.<\/p>\n\n\n\n<p><strong>11.\n\u00bfC\u00f3mo contactar con Usted o Usted con nosotros para m\u00e1s informaci\u00f3n o presentar\nuna reclamaci\u00f3n?<\/strong><\/p>\n\n\n\n<p>11.1.\nSi necesitamos contactarle, lo haremos v\u00eda postal o por e-mail al correo\nelectr\u00f3nico proporcionado por Usted. Debe notificarnos si cambia de direcci\u00f3n\nde e-mail.<\/p>\n\n\n\n<p>11.2.\nSi desea contactarnos para cualquier informaci\u00f3n o para realizar una\nreclamaci\u00f3n, por favor mande un e-mail a&nbsp;<a href=\"mailto:privacy@intertek.com\">tecnico@automotiveqms.com<\/a><\/p>\n","protected":false},"excerpt":{"rendered":"<p>POL\u00cdTICA DE PRIVACIDAD INTRODUCCI\u00d3N Esta pol\u00edtica de privacidad (junto con los documentos que se refieren a ella) le informa sobre el uso de sus datos personales recopilados a trav\u00e9s de nuestra p\u00e1gina web y aplicaciones m\u00f3viles (en adelante \u201cPlataforma\u201d). La Pol\u00edtica de Privacidad explica nuestras pr\u00e1cticas de recopilaci\u00f3n de informaci\u00f3n en la Plataforma tales como &hellip; <\/p>\n<p class=\"link-more\"><a href=\"https:\/\/automotiveqms.com\/es\/politica-de-privacidad\/\" class=\"more-link\">Continuar leyendo<span class=\"screen-reader-text\"> \u00abPol\u00edtica de privacidad\u00bb<\/span><\/a><\/p>\n","protected":false},"author":1,"featured_media":0,"parent":0,"menu_order":0,"comment_status":"closed","ping_status":"closed","template":"","meta":{"footnotes":""},"class_list":["post-64","page","type-page","status-publish","hentry"],"yoast_head":"<!-- This site is optimized with the Yoast SEO plugin v26.6 - https:\/\/yoast.com\/wordpress\/plugins\/seo\/ -->\n<title>Pol\u00edtica de privacidad - Automotive QMS<\/title>\n<meta name=\"robots\" content=\"index, follow, max-snippet:-1, max-image-preview:large, max-video-preview:-1\" \/>\n<link rel=\"canonical\" href=\"https:\/\/automotiveqms.com\/es\/politica-de-privacidad\/\" \/>\n<meta property=\"og:locale\" content=\"es_ES\" \/>\n<meta property=\"og:type\" content=\"article\" \/>\n<meta property=\"og:title\" content=\"Pol\u00edtica de privacidad - Automotive QMS\" \/>\n<meta property=\"og:description\" content=\"POL\u00cdTICA DE PRIVACIDAD INTRODUCCI\u00d3N Esta pol\u00edtica de privacidad (junto con los documentos que se refieren a ella) le informa sobre el uso de sus datos personales recopilados a trav\u00e9s de nuestra p\u00e1gina web y aplicaciones m\u00f3viles (en adelante \u201cPlataforma\u201d). La Pol\u00edtica de Privacidad explica nuestras pr\u00e1cticas de recopilaci\u00f3n de informaci\u00f3n en la Plataforma tales como &hellip; Continuar leyendo &quot;Pol\u00edtica de privacidad&quot;\" \/>\n<meta property=\"og:url\" content=\"https:\/\/automotiveqms.com\/es\/politica-de-privacidad\/\" \/>\n<meta property=\"og:site_name\" content=\"Automotive QMS\" \/>\n<meta property=\"article:modified_time\" content=\"2020-04-14T15:43:38+00:00\" \/>\n<meta name=\"twitter:card\" content=\"summary_large_image\" \/>\n<meta name=\"twitter:label1\" content=\"Tiempo de lectura\" \/>\n\t<meta name=\"twitter:data1\" content=\"12 minutos\" \/>\n<script type=\"application\/ld+json\" class=\"yoast-schema-graph\">{\"@context\":\"https:\/\/schema.org\",\"@graph\":[{\"@type\":\"WebPage\",\"@id\":\"https:\/\/automotiveqms.com\/es\/politica-de-privacidad\/\",\"url\":\"https:\/\/automotiveqms.com\/es\/politica-de-privacidad\/\",\"name\":\"Pol\u00edtica de privacidad - Automotive QMS\",\"isPartOf\":{\"@id\":\"https:\/\/automotiveqms.com\/es\/#website\"},\"datePublished\":\"2020-04-09T11:52:06+00:00\",\"dateModified\":\"2020-04-14T15:43:38+00:00\",\"breadcrumb\":{\"@id\":\"https:\/\/automotiveqms.com\/es\/politica-de-privacidad\/#breadcrumb\"},\"inLanguage\":\"es\",\"potentialAction\":[{\"@type\":\"ReadAction\",\"target\":[\"https:\/\/automotiveqms.com\/es\/politica-de-privacidad\/\"]}]},{\"@type\":\"BreadcrumbList\",\"@id\":\"https:\/\/automotiveqms.com\/es\/politica-de-privacidad\/#breadcrumb\",\"itemListElement\":[{\"@type\":\"ListItem\",\"position\":1,\"name\":\"Portada\",\"item\":\"https:\/\/automotiveqms.com\/es\/\"},{\"@type\":\"ListItem\",\"position\":2,\"name\":\"Pol\u00edtica de privacidad\"}]},{\"@type\":\"WebSite\",\"@id\":\"https:\/\/automotiveqms.com\/es\/#website\",\"url\":\"https:\/\/automotiveqms.com\/es\/\",\"name\":\"Automotive QMS\",\"description\":\"\",\"potentialAction\":[{\"@type\":\"SearchAction\",\"target\":{\"@type\":\"EntryPoint\",\"urlTemplate\":\"https:\/\/automotiveqms.com\/es\/?s={search_term_string}\"},\"query-input\":{\"@type\":\"PropertyValueSpecification\",\"valueRequired\":true,\"valueName\":\"search_term_string\"}}],\"inLanguage\":\"es\"}]}<\/script>\n<!-- \/ Yoast SEO plugin. -->","yoast_head_json":{"title":"Pol\u00edtica de privacidad - Automotive QMS","robots":{"index":"index","follow":"follow","max-snippet":"max-snippet:-1","max-image-preview":"max-image-preview:large","max-video-preview":"max-video-preview:-1"},"canonical":"https:\/\/automotiveqms.com\/es\/politica-de-privacidad\/","og_locale":"es_ES","og_type":"article","og_title":"Pol\u00edtica de privacidad - Automotive QMS","og_description":"POL\u00cdTICA DE PRIVACIDAD INTRODUCCI\u00d3N Esta pol\u00edtica de privacidad (junto con los documentos que se refieren a ella) le informa sobre el uso de sus datos personales recopilados a trav\u00e9s de nuestra p\u00e1gina web y aplicaciones m\u00f3viles (en adelante \u201cPlataforma\u201d). La Pol\u00edtica de Privacidad explica nuestras pr\u00e1cticas de recopilaci\u00f3n de informaci\u00f3n en la Plataforma tales como &hellip; Continuar leyendo \"Pol\u00edtica de privacidad\"","og_url":"https:\/\/automotiveqms.com\/es\/politica-de-privacidad\/","og_site_name":"Automotive QMS","article_modified_time":"2020-04-14T15:43:38+00:00","twitter_card":"summary_large_image","twitter_misc":{"Tiempo de lectura":"12 minutos"},"schema":{"@context":"https:\/\/schema.org","@graph":[{"@type":"WebPage","@id":"https:\/\/automotiveqms.com\/es\/politica-de-privacidad\/","url":"https:\/\/automotiveqms.com\/es\/politica-de-privacidad\/","name":"Pol\u00edtica de privacidad - Automotive QMS","isPartOf":{"@id":"https:\/\/automotiveqms.com\/es\/#website"},"datePublished":"2020-04-09T11:52:06+00:00","dateModified":"2020-04-14T15:43:38+00:00","breadcrumb":{"@id":"https:\/\/automotiveqms.com\/es\/politica-de-privacidad\/#breadcrumb"},"inLanguage":"es","potentialAction":[{"@type":"ReadAction","target":["https:\/\/automotiveqms.com\/es\/politica-de-privacidad\/"]}]},{"@type":"BreadcrumbList","@id":"https:\/\/automotiveqms.com\/es\/politica-de-privacidad\/#breadcrumb","itemListElement":[{"@type":"ListItem","position":1,"name":"Portada","item":"https:\/\/automotiveqms.com\/es\/"},{"@type":"ListItem","position":2,"name":"Pol\u00edtica de privacidad"}]},{"@type":"WebSite","@id":"https:\/\/automotiveqms.com\/es\/#website","url":"https:\/\/automotiveqms.com\/es\/","name":"Automotive QMS","description":"","potentialAction":[{"@type":"SearchAction","target":{"@type":"EntryPoint","urlTemplate":"https:\/\/automotiveqms.com\/es\/?s={search_term_string}"},"query-input":{"@type":"PropertyValueSpecification","valueRequired":true,"valueName":"search_term_string"}}],"inLanguage":"es"}]}},"_links":{"self":[{"href":"https:\/\/automotiveqms.com\/es\/wp-json\/wp\/v2\/pages\/64","targetHints":{"allow":["GET"]}}],"collection":[{"href":"https:\/\/automotiveqms.com\/es\/wp-json\/wp\/v2\/pages"}],"about":[{"href":"https:\/\/automotiveqms.com\/es\/wp-json\/wp\/v2\/types\/page"}],"author":[{"embeddable":true,"href":"https:\/\/automotiveqms.com\/es\/wp-json\/wp\/v2\/users\/1"}],"replies":[{"embeddable":true,"href":"https:\/\/automotiveqms.com\/es\/wp-json\/wp\/v2\/comments?post=64"}],"version-history":[{"count":2,"href":"https:\/\/automotiveqms.com\/es\/wp-json\/wp\/v2\/pages\/64\/revisions"}],"predecessor-version":[{"id":76,"href":"https:\/\/automotiveqms.com\/es\/wp-json\/wp\/v2\/pages\/64\/revisions\/76"}],"wp:attachment":[{"href":"https:\/\/automotiveqms.com\/es\/wp-json\/wp\/v2\/media?parent=64"}],"curies":[{"name":"wp","href":"https:\/\/api.w.org\/{rel}","templated":true}]}}