{"id":61,"date":"2020-04-09T11:50:50","date_gmt":"2020-04-09T11:50:50","guid":{"rendered":"http:\/\/automotiveqms.com\/?page_id=61"},"modified":"2020-05-04T07:23:11","modified_gmt":"2020-05-04T07:23:11","slug":"aviso-legal","status":"publish","type":"page","link":"https:\/\/automotiveqms.com\/es\/aviso-legal\/","title":{"rendered":"Aviso legal"},"content":{"rendered":"\n<p><strong>AVISO LEGAL SOBRE\nLA PROTECCI\u00d3N DE DATOS<\/strong><\/p>\n\n\n\n<p><strong>Informaci\u00f3n general\ndel titular del sitio web<\/strong><\/p>\n\n\n\n<p>Songest Ingenier\u00eda\ny Gesti\u00f3n S.L.U., sociedad domiciliada en Calle Creu Roja 1, Bloque 6 Piso 1\nPuerta 13. Valencia (VALENCIA), que figura Inscrita en el Registro Mercantil de\nValencia, Libro 5908, Folio 56, Hoja V119752, Inscripci\u00f3n 1\u00aa, con C.I.F.: B97844393\n(en adelante, LA EMPRESA) es la titular del presente Sitio Web ubicado en el\ndominio www.automotiveqms.com<\/p>\n\n\n\n<p>El acceso, la navegaci\u00f3n\ny el uso de este Sitio Web son libres y gratuitos, siempre que el Usuario\ncumpla con los t\u00e9rminos de este Aviso Legal, la legislaci\u00f3n vigente, las buenas\ncostumbres y los comportamientos usualmente aceptados en el \u00e1mbito de Internet.\nAl acceder al Sitio Web o a cualquiera de las p\u00e1ginas a las que a trav\u00e9s del\nmismo se pueda acceder, el usuario declara expresamente que ha le\u00eddo, entiende\ny acepta el presente \u00abAviso Legal\u00bb. En caso de que no acepte los\nt\u00e9rminos y condiciones que a continuaci\u00f3n se presentan le rogamos se abstenga\nde utilizar el Sitio Web, reserv\u00e1ndose la Sociedad el derecho a restringir el\nacceso al Sitio Web a aquellos usuarios que no los respeten.<\/p>\n\n\n\n<p><strong>Datos personales<\/strong><\/p>\n\n\n\n<p>LA EMPRESA s\u00f3lo\ndispondr\u00e1 de datos personales de aquellos usuarios que voluntariamente quieran\nproporcion\u00e1rselos a trav\u00e9s del Sitio Web mediante los mecanismos establecidos\nal efecto.<\/p>\n\n\n\n<p>El Usuario que\nlibre, afirmativa y voluntariamente comunique a la Sociedad sus datos\npersonales a trav\u00e9s de los procedimientos establecidos en este Sitio Web,\nautoriza expresamente a LA EMPRESA a su tratamiento con la finalidad de\npromover acciones comerciales y siempre respetando la legislaci\u00f3n vigente en\ncada momento en materia de datos de car\u00e1cter personal y servicios de la\nsociedad de la informaci\u00f3n. El Usuario que no autorice el tratamiento de sus\ndatos, no recibir\u00e1 comunicaci\u00f3n alguna por parte de la EMPRESA, elimin\u00e1ndose de\ninmediato las comunicaciones recibidas por el mismo calific\u00e1ndolas como\ncomunicaciones err\u00f3neamente recibidas.<\/p>\n\n\n\n<p>Cualquier Usuario\npodr\u00e1 en cualquier momento ejercer los derechos de acceso, rectificaci\u00f3n,\noposici\u00f3n y cancelaci\u00f3n de sus datos personales que la normativa aplicable le\nconcede mediante su comunicaci\u00f3n al email&nbsp;tecnico@automotiveqms.com.\nAsimismo, podr\u00e1 dirigirse a dicho mail para solicitar ampliar informaci\u00f3n sobre\nsus derechos.<\/p>\n\n\n\n<p>Los datos\npersonales comunicados por el Usuario de forma libre, afirmativa y\nvoluntariamente a LA EMPRESA, pueden ser almacenados en bases de datos\nautomatizadas, sin serles aplicadas decisiones automatizadas, cuya titularidad\ncorresponde en exclusiva a LA EMPRESA, asumiendo \u00e9sta todas las medidas de\n\u00edndole t\u00e9cnica, organizativa y de seguridad que garantizan la confidencialidad,\nintegridad y calidad de la informaci\u00f3n contenida en las mismas de acuerdo con\nlo establecido en el Reglamento General de Protecci\u00f3n de Datos 2016\/679, de 27\nde abril, y sus Directrices relacionadas. La conservaci\u00f3n de los datos tiene\ncar\u00e1cter indefinido, pudi\u00e9ndose ser revocada la misma a trav\u00e9s de los canales\nhabilitados a tal efecto.<\/p>\n\n\n\n<p>La comunicaci\u00f3n\nentre los usuarios y LA EMPRESA no utiliza un canal seguro, y los datos\ntransmitidos no son cifrados, por lo que se solicita a los Usuarios que se\nabstengan de enviar aquellos datos personales que merezcan la consideraci\u00f3n de\ndatos especialmente protegidos en los t\u00e9rminos indicados por el Reglamento\nGeneral, ya que las medidas de seguridad aplicables a un canal no seguro lo\nhacen desaconsejable.<\/p>\n\n\n\n<p>Los datos de car\u00e1cter personal que sean comunicados voluntariamente por el Usuario se destinar\u00e1n \u00fanicamente a la finalidad concreta de promover acciones comerciales y ser\u00e1n tratados con la m\u00e1s absoluta confidencialidad, destin\u00e1ndose \u00fanicamente a aquellas finalidades para las que fueron recabados y de las que expresamente se informa al Usuario en el momento de su recogida en la presente\u00a0<a href=\"http:\/\/automotiveqms.com\/es\/politica-de-privacidad\/\">Pol\u00edtica de Privacidad<\/a>.<\/p>\n\n\n\n<p>Los datos de\ncar\u00e1cter personal recogidos a trav\u00e9s de este Sitio Web podr\u00e1n ser objeto de\ncesi\u00f3n a sus agentes mercantiles o a sus clientes, a lo que el Usuario otorga\nexpresamente su consentimiento.<\/p>\n\n\n\n<p><strong>Normativa legal<\/strong><\/p>\n\n\n\n<p>El presente \u201cAviso\nLegal\u201d, as\u00ed como el resto del contenido de este Sitio Web, se han realizado\nrespetando en todo momento la legislaci\u00f3n que le resulta aplicable, en\nespecial, la referente a la Protecci\u00f3n de Datos de car\u00e1cter personal y la Ley\n34\/2002, de 11 de julio, de Servicios de la Sociedad de la Informaci\u00f3n y\ncomercio electr\u00f3nico, y podr\u00e1n ser revisados y modificados en cualquier momento\nal objeto de adaptarse a cualquier modificaci\u00f3n de la legislaci\u00f3n vigente. En\ndicho caso, el nuevo contenido resultar\u00e1 aplicable desde el momento en que su\nmodificaci\u00f3n sea publicitada en el Sitio Web, resultando accesible para los Usuarios\ndel mismo.<\/p>\n\n\n\n<p>El uso del Sitio\nWeb, incluyendo el acceso por los Usuarios y la navegaci\u00f3n a trav\u00e9s del mismo,\nes libre pero implica la aceptaci\u00f3n expresa y cumplimiento del \u201cAviso Legal\u201d de\neste Sitio Web y de la legislaci\u00f3n espa\u00f1ola aplicable.<\/p>\n\n\n\n<p><strong>Pol\u00edtica de enlaces<\/strong><\/p>\n\n\n\n<p>LA EMPRESA no se\nhace responsable del contenido de las p\u00e1ginas web a las que el usuario pueda\nacceder a trav\u00e9s de este Sitio Web.<\/p>\n\n\n\n<p><strong>AVISO LEGAL SOBRE\nEL CONTENIDO DEL SITIO WEB<\/strong><\/p>\n\n\n\n<p>LA EMPRESA ha hecho\ntodo lo posible para asegurar la exactitud y fiabilidad de la informaci\u00f3n\nproporcionada en este sitio web. Sin embargo, la informaci\u00f3n se proporciona\n\u00abtal cual\u00bb sin garant\u00eda de ning\u00fan tipo. LA EMPRESA no asume ninguna\nresponsabilidad por la exactitud, contenido, integridad, legalidad, ni la\nfiabilidad de la informaci\u00f3n contenida en este sitio web.<\/p>\n\n\n\n<p>No hay garant\u00edas,\npromesas y \/ o representaciones de ning\u00fan tipo, expresa o impl\u00edcita, se dan en\ncuanto a la naturaleza, calidad, exactitud o inexactitud de la informaci\u00f3n\nproporcionada en este sitio web ni a la conveniencia o no de la informaci\u00f3n a\nsus circunstancias particulares.<\/p>\n\n\n\n<p>No podemos y no\ngarantizamos que este sitio web est\u00e1 libre de virus inform\u00e1ticos o cualquier\notra situaci\u00f3n que posea propiedades destructivas.<\/p>\n\n\n\n<p>No seremos\nresponsables por cualquier p\u00e9rdida o da\u00f1o de cualquier naturaleza (directos,\nindirectos, consecuentes, o de otro tipo) ya surjan por contrato, agravio o de\notra \u00edndole, que puedan surgir como resultado de su uso (o incapacidad de usar)\neste sitio web , o de su uso (o no uso) de la informaci\u00f3n en este sitio. Este\nsitio web puede contener enlaces a otros sitios web propiedad de terceros. El\ncontenido de dichos sitios de terceros no est\u00e1 dentro de nuestro control, y no\npuede y no se har\u00e1 responsable de la informaci\u00f3n o el contenido de los mismos.\nLos enlaces a sitios de terceros no deben ser tomadas como un respaldo de LA\nEMPRESA a los sitios de terceros, o promoci\u00f3n de los productos, ofrecidos o\nvendidos en el sitio web de terceros, ni que dichos sitios est\u00e1n libres de\nvirus inform\u00e1ticos o cualquier otra situaci\u00f3n que posea propiedades\ndestructivas. No podemos y no asumiremos la responsabilidad de la recolecci\u00f3n o\nuso de datos personales de cualquier sitio de terceros. <\/p>\n","protected":false},"excerpt":{"rendered":"<p>AVISO LEGAL SOBRE LA PROTECCI\u00d3N DE DATOS Informaci\u00f3n general del titular del sitio web Songest Ingenier\u00eda y Gesti\u00f3n S.L.U., sociedad domiciliada en Calle Creu Roja 1, Bloque 6 Piso 1 Puerta 13. Valencia (VALENCIA), que figura Inscrita en el Registro Mercantil de Valencia, Libro 5908, Folio 56, Hoja V119752, Inscripci\u00f3n 1\u00aa, con C.I.F.: B97844393 (en &hellip; <\/p>\n<p class=\"link-more\"><a href=\"https:\/\/automotiveqms.com\/es\/aviso-legal\/\" class=\"more-link\">Continuar leyendo<span class=\"screen-reader-text\"> \u00abAviso legal\u00bb<\/span><\/a><\/p>\n","protected":false},"author":1,"featured_media":0,"parent":0,"menu_order":0,"comment_status":"closed","ping_status":"closed","template":"","meta":{"footnotes":""},"class_list":["post-61","page","type-page","status-publish","hentry"],"yoast_head":"<!-- This site is optimized with the Yoast SEO plugin v26.6 - https:\/\/yoast.com\/wordpress\/plugins\/seo\/ -->\n<title>Aviso legal - Automotive QMS<\/title>\n<meta name=\"robots\" content=\"index, follow, max-snippet:-1, max-image-preview:large, max-video-preview:-1\" \/>\n<link rel=\"canonical\" href=\"https:\/\/automotiveqms.com\/es\/aviso-legal\/\" \/>\n<meta property=\"og:locale\" content=\"es_ES\" \/>\n<meta property=\"og:type\" content=\"article\" \/>\n<meta property=\"og:title\" content=\"Aviso legal - Automotive QMS\" \/>\n<meta property=\"og:description\" content=\"AVISO LEGAL SOBRE LA PROTECCI\u00d3N DE DATOS Informaci\u00f3n general del titular del sitio web Songest Ingenier\u00eda y Gesti\u00f3n S.L.U., sociedad domiciliada en Calle Creu Roja 1, Bloque 6 Piso 1 Puerta 13. Valencia (VALENCIA), que figura Inscrita en el Registro Mercantil de Valencia, Libro 5908, Folio 56, Hoja V119752, Inscripci\u00f3n 1\u00aa, con C.I.F.: B97844393 (en &hellip; Continuar leyendo &quot;Aviso legal&quot;\" \/>\n<meta property=\"og:url\" content=\"https:\/\/automotiveqms.com\/es\/aviso-legal\/\" \/>\n<meta property=\"og:site_name\" content=\"Automotive QMS\" \/>\n<meta property=\"article:modified_time\" content=\"2020-05-04T07:23:11+00:00\" \/>\n<meta name=\"twitter:card\" content=\"summary_large_image\" \/>\n<meta name=\"twitter:label1\" content=\"Tiempo de lectura\" \/>\n\t<meta name=\"twitter:data1\" content=\"6 minutos\" \/>\n<script type=\"application\/ld+json\" class=\"yoast-schema-graph\">{\"@context\":\"https:\/\/schema.org\",\"@graph\":[{\"@type\":\"WebPage\",\"@id\":\"https:\/\/automotiveqms.com\/es\/aviso-legal\/\",\"url\":\"https:\/\/automotiveqms.com\/es\/aviso-legal\/\",\"name\":\"Aviso legal - Automotive QMS\",\"isPartOf\":{\"@id\":\"https:\/\/automotiveqms.com\/es\/#website\"},\"datePublished\":\"2020-04-09T11:50:50+00:00\",\"dateModified\":\"2020-05-04T07:23:11+00:00\",\"breadcrumb\":{\"@id\":\"https:\/\/automotiveqms.com\/es\/aviso-legal\/#breadcrumb\"},\"inLanguage\":\"es\",\"potentialAction\":[{\"@type\":\"ReadAction\",\"target\":[\"https:\/\/automotiveqms.com\/es\/aviso-legal\/\"]}]},{\"@type\":\"BreadcrumbList\",\"@id\":\"https:\/\/automotiveqms.com\/es\/aviso-legal\/#breadcrumb\",\"itemListElement\":[{\"@type\":\"ListItem\",\"position\":1,\"name\":\"Portada\",\"item\":\"https:\/\/automotiveqms.com\/es\/\"},{\"@type\":\"ListItem\",\"position\":2,\"name\":\"Aviso legal\"}]},{\"@type\":\"WebSite\",\"@id\":\"https:\/\/automotiveqms.com\/es\/#website\",\"url\":\"https:\/\/automotiveqms.com\/es\/\",\"name\":\"Automotive QMS\",\"description\":\"\",\"potentialAction\":[{\"@type\":\"SearchAction\",\"target\":{\"@type\":\"EntryPoint\",\"urlTemplate\":\"https:\/\/automotiveqms.com\/es\/?s={search_term_string}\"},\"query-input\":{\"@type\":\"PropertyValueSpecification\",\"valueRequired\":true,\"valueName\":\"search_term_string\"}}],\"inLanguage\":\"es\"}]}<\/script>\n<!-- \/ Yoast SEO plugin. -->","yoast_head_json":{"title":"Aviso legal - Automotive QMS","robots":{"index":"index","follow":"follow","max-snippet":"max-snippet:-1","max-image-preview":"max-image-preview:large","max-video-preview":"max-video-preview:-1"},"canonical":"https:\/\/automotiveqms.com\/es\/aviso-legal\/","og_locale":"es_ES","og_type":"article","og_title":"Aviso legal - Automotive QMS","og_description":"AVISO LEGAL SOBRE LA PROTECCI\u00d3N DE DATOS Informaci\u00f3n general del titular del sitio web Songest Ingenier\u00eda y Gesti\u00f3n S.L.U., sociedad domiciliada en Calle Creu Roja 1, Bloque 6 Piso 1 Puerta 13. Valencia (VALENCIA), que figura Inscrita en el Registro Mercantil de Valencia, Libro 5908, Folio 56, Hoja V119752, Inscripci\u00f3n 1\u00aa, con C.I.F.: B97844393 (en &hellip; Continuar leyendo \"Aviso legal\"","og_url":"https:\/\/automotiveqms.com\/es\/aviso-legal\/","og_site_name":"Automotive QMS","article_modified_time":"2020-05-04T07:23:11+00:00","twitter_card":"summary_large_image","twitter_misc":{"Tiempo de lectura":"6 minutos"},"schema":{"@context":"https:\/\/schema.org","@graph":[{"@type":"WebPage","@id":"https:\/\/automotiveqms.com\/es\/aviso-legal\/","url":"https:\/\/automotiveqms.com\/es\/aviso-legal\/","name":"Aviso legal - Automotive QMS","isPartOf":{"@id":"https:\/\/automotiveqms.com\/es\/#website"},"datePublished":"2020-04-09T11:50:50+00:00","dateModified":"2020-05-04T07:23:11+00:00","breadcrumb":{"@id":"https:\/\/automotiveqms.com\/es\/aviso-legal\/#breadcrumb"},"inLanguage":"es","potentialAction":[{"@type":"ReadAction","target":["https:\/\/automotiveqms.com\/es\/aviso-legal\/"]}]},{"@type":"BreadcrumbList","@id":"https:\/\/automotiveqms.com\/es\/aviso-legal\/#breadcrumb","itemListElement":[{"@type":"ListItem","position":1,"name":"Portada","item":"https:\/\/automotiveqms.com\/es\/"},{"@type":"ListItem","position":2,"name":"Aviso legal"}]},{"@type":"WebSite","@id":"https:\/\/automotiveqms.com\/es\/#website","url":"https:\/\/automotiveqms.com\/es\/","name":"Automotive QMS","description":"","potentialAction":[{"@type":"SearchAction","target":{"@type":"EntryPoint","urlTemplate":"https:\/\/automotiveqms.com\/es\/?s={search_term_string}"},"query-input":{"@type":"PropertyValueSpecification","valueRequired":true,"valueName":"search_term_string"}}],"inLanguage":"es"}]}},"_links":{"self":[{"href":"https:\/\/automotiveqms.com\/es\/wp-json\/wp\/v2\/pages\/61","targetHints":{"allow":["GET"]}}],"collection":[{"href":"https:\/\/automotiveqms.com\/es\/wp-json\/wp\/v2\/pages"}],"about":[{"href":"https:\/\/automotiveqms.com\/es\/wp-json\/wp\/v2\/types\/page"}],"author":[{"embeddable":true,"href":"https:\/\/automotiveqms.com\/es\/wp-json\/wp\/v2\/users\/1"}],"replies":[{"embeddable":true,"href":"https:\/\/automotiveqms.com\/es\/wp-json\/wp\/v2\/comments?post=61"}],"version-history":[{"count":4,"href":"https:\/\/automotiveqms.com\/es\/wp-json\/wp\/v2\/pages\/61\/revisions"}],"predecessor-version":[{"id":136,"href":"https:\/\/automotiveqms.com\/es\/wp-json\/wp\/v2\/pages\/61\/revisions\/136"}],"wp:attachment":[{"href":"https:\/\/automotiveqms.com\/es\/wp-json\/wp\/v2\/media?parent=61"}],"curies":[{"name":"wp","href":"https:\/\/api.w.org\/{rel}","templated":true}]}}